{"id":1682,"date":"2025-03-19T09:59:02","date_gmt":"2025-03-19T09:59:02","guid":{"rendered":"https:\/\/staging.schneebeli.com\/metallbau\/"},"modified":"2025-03-19T09:59:02","modified_gmt":"2025-03-19T09:59:02","slug":"metallbau","status":"publish","type":"page","link":"https:\/\/staging.schneebeli.com\/fr\/metallbau\/","title":{"rendered":"Metallbau"},"content":{"rendered":"\n<section class=\"wp-block-group alignfull header-2 is-layout-constrained wp-block-group-is-layout-constrained\">\n<div class=\"wp-block-columns alignwide is-layout-flex wp-container-core-columns-is-layout-9d6595d7 wp-block-columns-is-layout-flex\">\n<div class=\"wp-block-column is-vertically-aligned-center slide-in-left is-layout-flow wp-block-column-is-layout-flow\">\n<figure class=\"wp-block-image size-full wp-container-content-516f2167\"><img loading=\"lazy\" decoding=\"async\" width=\"816\" height=\"816\" src=\"https:\/\/staging.schneebeli.com\/wp-content\/uploads\/2025\/03\/group_19_1x.webp\" alt=\"Headerbild\" class=\"wp-image-1126\" srcset=\"https:\/\/staging.schneebeli.com\/wp-content\/uploads\/2025\/03\/group_19_1x.webp 816w, https:\/\/staging.schneebeli.com\/wp-content\/uploads\/2025\/03\/group_19_1x-300x300.webp 300w, https:\/\/staging.schneebeli.com\/wp-content\/uploads\/2025\/03\/group_19_1x-150x150.webp 150w, https:\/\/staging.schneebeli.com\/wp-content\/uploads\/2025\/03\/group_19_1x-768x768.webp 768w\" sizes=\"auto, (max-width: 816px) 100vw, 816px\" \/><\/figure>\n<\/div>\n\n\n\n<div class=\"wp-block-column is-vertically-aligned-center slide-in-right delay-1 is-layout-flow wp-block-column-is-layout-flow\">\n<div class=\"wp-block-group wp-container-content-72558541 is-vertical is-layout-flex wp-container-core-group-is-layout-76a81b31 wp-block-group-is-layout-flex\">\n<h1 class=\"wp-block-heading\">Individuelle\u00a0oder standardisierte Metallbaul\u00f6sungen<\/h1>\n\n\n\n<p class=\"is-style-paragraph-medium is-style-paragraph-medium--1\">Schneebeli Metallbau plant und fertigt hochwertige Metallbauprojekte f\u00fcr anspruchsvolle Bauherren im Grossraum Z\u00fcrich \u2013 sauber, effizient und exakt auf Mass.<\/p>\n<\/div>\n<\/div>\n<\/div>\n<\/section>\n\n\n\n<section class=\"wp-block-group section-text-paragraph is-layout-constrained wp-block-group-is-layout-constrained\">\n<div class=\"wp-block-group alignwide is-layout-grid wp-container-core-group-is-layout-555938d3 wp-block-group-is-layout-grid\">\n<div style=\"height:1px\" aria-hidden=\"true\" class=\"wp-block-spacer wp-container-content-4ad9bbd1\"><\/div>\n\n\n\n<p class=\"is-style-paragraph-medium wp-container-content-1f4567c8 is-style-paragraph-medium--2\">Wir konstruieren und bauen Balkone, Vord\u00e4cher, Treppen oder Verglasungen in exakter Ausf\u00fchrung und \u00fcberzeugender Optik. Unsere Produktionsprozesse sind f\u00fcr Grossvolumen und auch f\u00fcr besondere Einzelst\u00fccke ausgelegt.<\/p>\n<\/div>\n<\/section>\n\n\n\n<section class=\"wp-block-group alignwide section-card-accordions-wrapper is-layout-constrained wp-block-group-is-layout-constrained\">\n<div class=\"wp-block-group is-layout-constrained wp-block-group-is-layout-constrained\">\n<details class=\"wp-block-details is-layout-flow wp-block-details-is-layout-flow\"><summary>Metallbau<\/summary>\n<div class=\"wp-block-group is-layout-constrained wp-block-group-is-layout-constrained\">\n<figure class=\"wp-block-image size-full\"><img loading=\"lazy\" decoding=\"async\" width=\"675\" height=\"435\" src=\"https:\/\/staging.schneebeli.com\/wp-content\/uploads\/2025\/03\/group_17_1x-1.webp\" alt=\"\" class=\"wp-image-1019\" srcset=\"https:\/\/staging.schneebeli.com\/wp-content\/uploads\/2025\/03\/group_17_1x-1.webp 675w, https:\/\/staging.schneebeli.com\/wp-content\/uploads\/2025\/03\/group_17_1x-1-300x193.webp 300w\" sizes=\"auto, (max-width: 675px) 100vw, 675px\" \/><\/figure>\n\n\n\n<h2 class=\"wp-block-heading\">Lorem Ipsum<\/h2>\n\n\n\n<p>Lorem ipsum dolor sit amet, consetetur sadipscing elitr, sed diam nonumy eirmod tempor invidunt ut labore et dolore magna aliquyam erat, sed diam voluptua. At vero eos et accusam et justo duo dolores et ea rebum. Stet clita kasd gubergren, no sea takimata sanctus est Lorem ipsum dolor sit amet. Lorem ipsum dolor sit amet, consetetur sadipscing elitr, sed diam nonumy eirmod tempor invidunt ut labore et dolore magna aliquyam erat, sed diam voluptua. At vero eos et accusam et justo duo dolores et ea rebum. Stet clita kasd gubergren, no sea takimata sanctus est Lorem ipsum dolor sit amet.<\/p>\n<\/div>\n<\/details>\n\n\n\n<details class=\"wp-block-details is-layout-flow wp-block-details-is-layout-flow\"><summary>Blechbearbeitung<\/summary>\n<div class=\"wp-block-group is-layout-constrained wp-block-group-is-layout-constrained\">\n<h2 class=\"wp-block-heading\">Lorem Ipsum<\/h2>\n\n\n\n<p>Lorem ipsum dolor sit amet, consetetur sadipscing elitr, sed diam nonumy eirmod tempor invidunt ut labore et dolore magna aliquyam erat, sed diam voluptua. At vero eos et accusam et justo duo dolores et ea rebum. Stet clita kasd gubergren, no sea takimata sanctus est Lorem ipsum dolor sit amet. Lorem ipsum dolor sit amet, consetetur sadipscing elitr, sed diam nonumy eirmod tempor invidunt ut labore et dolore magna aliquyam erat, sed diam voluptua. At vero eos et accusam et justo duo dolores et ea rebum. Stet clita kasd gubergren, no sea takimata sanctus est Lorem ipsum dolor sit amet.<\/p>\n<\/div>\n<\/details>\n\n\n\n<details class=\"wp-block-details is-layout-flow wp-block-details-is-layout-flow\"><summary>Dreh- und Fr\u00e4sarbeiten<\/summary>\n<div class=\"wp-block-group is-layout-constrained wp-block-group-is-layout-constrained\">\n<h2 class=\"wp-block-heading\">Lorem Ipsum<\/h2>\n\n\n\n<p>Lorem ipsum dolor sit amet, consetetur sadipscing elitr, sed diam nonumy eirmod tempor invidunt ut labore et dolore magna aliquyam erat, sed diam voluptua. At vero eos et accusam et justo duo dolores et ea rebum. Stet clita kasd gubergren, no sea takimata sanctus est Lorem ipsum dolor sit amet. Lorem ipsum dolor sit amet, consetetur sadipscing elitr, sed diam nonumy eirmod tempor invidunt ut labore et dolore magna aliquyam erat, sed diam voluptua. At vero eos et accusam et justo duo dolores et ea rebum. Stet clita kasd gubergren, no sea takimata sanctus est Lorem ipsum dolor sit amet.<\/p>\n\n\n\n<p><\/p>\n<\/div>\n<\/details>\n<\/div>\n<\/section>\n\n\n\n<section class=\"wp-block-group section-card-projects-wrapper is-style-group-bg-grey is-layout-constrained wp-block-group-is-layout-constrained is-style-group-bg-grey--3\">\n<div class=\"wp-block-group is-layout-constrained wp-block-group-is-layout-constrained\">\n<h2 class=\"wp-block-heading\">Arbeitsbeispiele<\/h2>\n\n\n\n<div style=\"height:2rem\" aria-hidden=\"true\" class=\"wp-block-spacer\"><\/div>\n\n\n\n<article class=\"wp-block-group article-card-projects is-layout-constrained wp-block-group-is-layout-constrained\">\n<div class=\"wp-block-columns are-vertically-aligned-center is-layout-flex wp-container-core-columns-is-layout-9d6595d7 wp-block-columns-is-layout-flex\">\n<div class=\"wp-block-column is-vertically-aligned-center is-layout-flow wp-block-column-is-layout-flow\">\n<article class=\"wp-block-group article-card-project is-layout-constrained wp-block-group-is-layout-constrained\">\n<figure class=\"wp-block-image size-full slide-in-up\"><img loading=\"lazy\" decoding=\"async\" width=\"675\" height=\"435\" src=\"https:\/\/staging.schneebeli.com\/wp-content\/uploads\/2025\/03\/group_17_1x-1.webp\" alt=\"Projektreferenz\" class=\"wp-image-1021\" srcset=\"https:\/\/staging.schneebeli.com\/wp-content\/uploads\/2025\/03\/group_17_1x-1.webp 675w, https:\/\/staging.schneebeli.com\/wp-content\/uploads\/2025\/03\/group_17_1x-1-300x193.webp 300w\" sizes=\"auto, (max-width: 675px) 100vw, 675px\" \/><\/figure>\n\n\n\n<h3 class=\"wp-block-heading slide-in-up\">Balkon \u00dcberbauung<\/h3>\n\n\n\n<p class=\"slide-in-up\">Lorem ipsum dolor sit amet, consetetur sadipscing elitr, sed diam nonumy eirmod tempor invidunt ut labore et dolore magna aliquyam erat, sed diam voluptua.<\/p>\n<\/article>\n<\/div>\n\n\n\n<div class=\"wp-block-column is-vertically-aligned-center is-layout-flow wp-block-column-is-layout-flow\">\n<article class=\"wp-block-group article-card-project is-layout-constrained wp-block-group-is-layout-constrained\">\n<figure class=\"wp-block-image size-full slide-in-up\"><img loading=\"lazy\" decoding=\"async\" width=\"675\" height=\"435\" src=\"https:\/\/staging.schneebeli.com\/wp-content\/uploads\/2025\/03\/group_17_1x-1.webp\" alt=\"Projektreferenz\" class=\"wp-image-1021\" srcset=\"https:\/\/staging.schneebeli.com\/wp-content\/uploads\/2025\/03\/group_17_1x-1.webp 675w, https:\/\/staging.schneebeli.com\/wp-content\/uploads\/2025\/03\/group_17_1x-1-300x193.webp 300w\" sizes=\"auto, (max-width: 675px) 100vw, 675px\" \/><\/figure>\n\n\n\n<h3 class=\"wp-block-heading slide-in-up\">Eingang<\/h3>\n\n\n\n<p class=\"slide-in-up\">Lorem ipsum dolor sit amet, consetetur sadipscing elitr, sed diam nonumy eirmod tempor invidunt ut labore et dolore magna aliquyam erat, sed diam voluptua.<\/p>\n<\/article>\n<\/div>\n<\/div>\n<\/article>\n\n\n\n<article class=\"wp-block-group article-card-projects is-layout-constrained wp-block-group-is-layout-constrained\">\n<div class=\"wp-block-columns are-vertically-aligned-center is-layout-flex wp-container-core-columns-is-layout-9d6595d7 wp-block-columns-is-layout-flex\">\n<div class=\"wp-block-column is-vertically-aligned-center is-layout-flow wp-block-column-is-layout-flow\">\n<article class=\"wp-block-group article-card-project is-layout-constrained wp-block-group-is-layout-constrained\">\n<figure class=\"wp-block-image size-full slide-in-up\"><img loading=\"lazy\" decoding=\"async\" width=\"675\" height=\"435\" src=\"https:\/\/staging.schneebeli.com\/wp-content\/uploads\/2025\/03\/group_17_1x-1.webp\" alt=\"Projektreferenz\" class=\"wp-image-1021\" srcset=\"https:\/\/staging.schneebeli.com\/wp-content\/uploads\/2025\/03\/group_17_1x-1.webp 675w, https:\/\/staging.schneebeli.com\/wp-content\/uploads\/2025\/03\/group_17_1x-1-300x193.webp 300w\" sizes=\"auto, (max-width: 675px) 100vw, 675px\" \/><\/figure>\n\n\n\n<h3 class=\"wp-block-heading slide-in-up\">Treppe<\/h3>\n\n\n\n<p class=\"slide-in-up\">Lorem ipsum dolor sit amet, consetetur sadipscing elitr, sed diam nonumy eirmod tempor invidunt ut labore et dolore magna aliquyam erat, sed diam voluptua.<\/p>\n<\/article>\n<\/div>\n\n\n\n<div class=\"wp-block-column is-vertically-aligned-center is-layout-flow wp-block-column-is-layout-flow\">\n<article class=\"wp-block-group article-card-project is-layout-constrained wp-block-group-is-layout-constrained\">\n<figure class=\"wp-block-image size-full slide-in-up\"><img loading=\"lazy\" decoding=\"async\" width=\"675\" height=\"435\" src=\"https:\/\/staging.schneebeli.com\/wp-content\/uploads\/2025\/03\/group_17_1x-1.webp\" alt=\"Projektreferenz\" class=\"wp-image-1021\" srcset=\"https:\/\/staging.schneebeli.com\/wp-content\/uploads\/2025\/03\/group_17_1x-1.webp 675w, https:\/\/staging.schneebeli.com\/wp-content\/uploads\/2025\/03\/group_17_1x-1-300x193.webp 300w\" sizes=\"auto, (max-width: 675px) 100vw, 675px\" \/><\/figure>\n\n\n\n<h3 class=\"wp-block-heading slide-in-up\">Eingang<\/h3>\n\n\n\n<p class=\"slide-in-up\">Lorem ipsum dolor sit amet, consetetur sadipscing elitr, sed diam nonumy eirmod tempor invidunt ut labore et dolore magna aliquyam erat, sed diam voluptua.<\/p>\n<\/article>\n<\/div>\n<\/div>\n<\/article>\n\n\n\n<div style=\"height:2rem\" aria-hidden=\"true\" class=\"wp-block-spacer\"><\/div>\n\n\n\n<div class=\"wp-block-buttons is-content-justification-center is-layout-flex wp-container-core-buttons-is-layout-16018d1d wp-block-buttons-is-layout-flex\">\n<div class=\"wp-block-button\"><a class=\"wp-block-button__link wp-element-button\" href=\"https:\/\/staging.schneebeli.com\/referenzen\/\">alle Referenzen ansehen<\/a><\/div>\n<\/div>\n<\/div>\n<\/section>\n","protected":false},"excerpt":{"rendered":"<p>Wir konstruieren und bauen Balkone, Vord\u00e4cher, Treppen oder Verglasungen in exakter Ausf\u00fchrung und \u00fcberzeugender Optik. Unsere Produktionsprozesse sind f\u00fcr Grossvolumen und auch f\u00fcr besondere Einzelst\u00fccke ausgelegt. Arbeitsbeispiele<\/p>\n","protected":false},"author":1,"featured_media":0,"parent":0,"menu_order":9,"comment_status":"closed","ping_status":"closed","template":"","meta":{"_acf_changed":false,"footnotes":""},"class_list":["post-1682","page","type-page","status-publish","hentry"],"acf":{"seo-indexing-option":true,"seo-og-title":"Individuelle\u00a0oder standardisierte Metallbaul\u00f6sungen","seo-meta-description":"","seo-og-image":""},"_links":{"self":[{"href":"https:\/\/staging.schneebeli.com\/fr\/wp-json\/wp\/v2\/pages\/1682","targetHints":{"allow":["GET"]}}],"collection":[{"href":"https:\/\/staging.schneebeli.com\/fr\/wp-json\/wp\/v2\/pages"}],"about":[{"href":"https:\/\/staging.schneebeli.com\/fr\/wp-json\/wp\/v2\/types\/page"}],"author":[{"embeddable":true,"href":"https:\/\/staging.schneebeli.com\/fr\/wp-json\/wp\/v2\/users\/1"}],"replies":[{"embeddable":true,"href":"https:\/\/staging.schneebeli.com\/fr\/wp-json\/wp\/v2\/comments?post=1682"}],"version-history":[{"count":0,"href":"https:\/\/staging.schneebeli.com\/fr\/wp-json\/wp\/v2\/pages\/1682\/revisions"}],"wp:attachment":[{"href":"https:\/\/staging.schneebeli.com\/fr\/wp-json\/wp\/v2\/media?parent=1682"}],"curies":[{"name":"wp","href":"https:\/\/api.w.org\/{rel}","templated":true}]}}