{"id":1634,"date":"2025-04-03T15:11:00","date_gmt":"2025-04-03T15:11:00","guid":{"rendered":"https:\/\/staging.schneebeli.com\/?page_id=1634"},"modified":"2025-04-07T07:54:46","modified_gmt":"2025-04-07T07:54:46","slug":"mantrap-reno","status":"publish","type":"page","link":"https:\/\/staging.schneebeli.com\/fr\/mantrap-reno\/","title":{"rendered":"Mantrap RENO"},"content":{"rendered":"\n<section class=\"wp-block-group alignfull header-2 is-layout-constrained wp-block-group-is-layout-constrained\">\n<div class=\"wp-block-columns alignwide is-layout-flex wp-container-core-columns-is-layout-9d6595d7 wp-block-columns-is-layout-flex\">\n<div class=\"wp-block-column is-vertically-aligned-center slide-in-left is-layout-flow wp-block-column-is-layout-flow\">\n<figure class=\"wp-block-image size-full wp-container-content-516f2167\"><img loading=\"lazy\" decoding=\"async\" width=\"816\" height=\"816\" src=\"https:\/\/staging.schneebeli.com\/wp-content\/uploads\/2025\/03\/group_19_1x.webp\" alt=\"Headerbild\" class=\"wp-image-1126\" srcset=\"https:\/\/staging.schneebeli.com\/wp-content\/uploads\/2025\/03\/group_19_1x.webp 816w, https:\/\/staging.schneebeli.com\/wp-content\/uploads\/2025\/03\/group_19_1x-300x300.webp 300w, https:\/\/staging.schneebeli.com\/wp-content\/uploads\/2025\/03\/group_19_1x-150x150.webp 150w, https:\/\/staging.schneebeli.com\/wp-content\/uploads\/2025\/03\/group_19_1x-768x768.webp 768w\" sizes=\"auto, (max-width: 816px) 100vw, 816px\" \/><\/figure>\n<\/div>\n\n\n\n<div class=\"wp-block-column is-vertically-aligned-center slide-in-right delay-1 is-layout-flow wp-block-column-is-layout-flow\">\n<div class=\"wp-block-group wp-container-content-72558541 is-vertical is-layout-flex wp-container-core-group-is-layout-76a81b31 wp-block-group-is-layout-flex\">\n<h1 class=\"wp-block-heading\">Mantrap RENO<\/h1>\n\n\n\n<p class=\"is-style-paragraph-medium is-style-paragraph-medium--1\">S\u00e9curit\u00e9, protection contre l&rsquo;incendie, passage de transport et voies d&rsquo;\u00e9vacuation : tous ces \u00e9l\u00e9ments sont combin\u00e9s dans les portes de s\u00e9curit\u00e9 \u00e0 verrouillage de type RENO.<\/p>\n<\/div>\n<\/div>\n<\/div>\n<\/section>\n\n\n\n<section class=\"wp-block-group section-text-paragraph is-layout-constrained wp-block-group-is-layout-constrained\">\n<div class=\"wp-block-group alignwide is-layout-grid wp-container-core-group-is-layout-555938d3 wp-block-group-is-layout-grid\">\n<div style=\"height:1px\" aria-hidden=\"true\" class=\"wp-block-spacer wp-container-content-4ad9bbd1\"><\/div>\n\n\n\n<p class=\"wp-container-content-1f4567c8\">Le mantrap RENO se compose d&rsquo;une cabine de diff\u00e9rentes largeurs avec deux parois lat\u00e9rales, \u00e9quip\u00e9e d&rsquo;\u00e9l\u00e9ments de portes battantes \u00e0 l&rsquo;int\u00e9rieur et \u00e0 l&rsquo;ext\u00e9rieur. Deux entra\u00eenements de portes battantes ind\u00e9pendants l&rsquo;un de l&rsquo;autre sont install\u00e9s au sommet, dans la zone du toit. Le cadre de sol, dot\u00e9 d&rsquo;un tapis de contact antid\u00e9rapant en caoutchouc, a une hauteur de 15 mm et peut \u00eatre plac\u00e9 directement sur le sol fini ou y \u00eatre encastr\u00e9. La porte ext\u00e9rieure en acier tubulaire est en verre de s\u00e9curit\u00e9 feuillet\u00e9. Le vitrage de la porte int\u00e9rieure est en verre de s\u00e9curit\u00e9 tremp\u00e9 de 10 mm d&rsquo;\u00e9paisseur.<\/p>\n<\/div>\n<\/section>\n\n\n\n<section class=\"wp-block-group alignwide section-card-accordions-wrapper is-layout-constrained wp-block-group-is-layout-constrained\">\n<div class=\"wp-block-group is-layout-constrained wp-block-group-is-layout-constrained\">\n<details class=\"wp-block-details is-layout-flow wp-block-details-is-layout-flow\"><summary>Avantages<\/summary>\n<div class=\"wp-block-group is-layout-constrained wp-block-group-is-layout-constrained\">\n<figure class=\"wp-block-image size-full\"><img loading=\"lazy\" decoding=\"async\" width=\"675\" height=\"435\" src=\"https:\/\/staging.schneebeli.com\/wp-content\/uploads\/2025\/03\/group_17_1x-1.webp\" alt=\"\" class=\"wp-image-1019\" srcset=\"https:\/\/staging.schneebeli.com\/wp-content\/uploads\/2025\/03\/group_17_1x-1.webp 675w, https:\/\/staging.schneebeli.com\/wp-content\/uploads\/2025\/03\/group_17_1x-1-300x193.webp 300w\" sizes=\"auto, (max-width: 675px) 100vw, 675px\" \/><\/figure>\n\n\n\n<h2 class=\"wp-block-heading\">Lorem Ipsum<\/h2>\n\n\n\n<p>Lorem ipsum dolor sit amet, consetetur sadipscing elitr, sed diam nonumy eirmod tempor invidunt ut labore et dolore magna aliquyam erat, sed diam voluptua. At vero eos et accusam et justo duo dolores et ea rebum. Stet clita kasd gubergren, no sea takimata sanctus est Lorem ipsum dolor sit amet. Lorem ipsum dolor sit amet, consetetur sadipscing elitr, sed diam nonumy eirmod tempor invidunt ut labore et dolore magna aliquyam erat, sed diam voluptua. At vero eos et accusam et justo duo dolores et ea rebum. Stet clita kasd gubergren, no sea takimata sanctus est Lorem ipsum dolor sit amet.<\/p>\n<\/div>\n<\/details>\n\n\n\n<details class=\"wp-block-details is-layout-flow wp-block-details-is-layout-flow\"><summary>Variantes<\/summary>\n<div class=\"wp-block-group is-layout-constrained wp-block-group-is-layout-constrained\">\n<h2 class=\"wp-block-heading\">Lorem Ipsum<\/h2>\n\n\n\n<p>Lorem ipsum dolor sit amet, consetetur sadipscing elitr, sed diam nonumy eirmod tempor invidunt ut labore et dolore magna aliquyam erat, sed diam voluptua. At vero eos et accusam et justo duo dolores et ea rebum. Stet clita kasd gubergren, no sea takimata sanctus est Lorem ipsum dolor sit amet. Lorem ipsum dolor sit amet, consetetur sadipscing elitr, sed diam nonumy eirmod tempor invidunt ut labore et dolore magna aliquyam erat, sed diam voluptua. At vero eos et accusam et justo duo dolores et ea rebum. Stet clita kasd gubergren, no sea takimata sanctus est Lorem ipsum dolor sit amet.<\/p>\n<\/div>\n<\/details>\n\n\n\n<details class=\"wp-block-details is-layout-flow wp-block-details-is-layout-flow\"><summary>Certificats<\/summary>\n<div class=\"wp-block-group is-layout-constrained wp-block-group-is-layout-constrained\">\n<h2 class=\"wp-block-heading\">Lorem Ipsum<\/h2>\n\n\n\n<p>Lorem ipsum dolor sit amet, consetetur sadipscing elitr, sed diam nonumy eirmod tempor invidunt ut labore et dolore magna aliquyam erat, sed diam voluptua. At vero eos et accusam et justo duo dolores et ea rebum. Stet clita kasd gubergren, no sea takimata sanctus est Lorem ipsum dolor sit amet. Lorem ipsum dolor sit amet, consetetur sadipscing elitr, sed diam nonumy eirmod tempor invidunt ut labore et dolore magna aliquyam erat, sed diam voluptua. At vero eos et accusam et justo duo dolores et ea rebum. Stet clita kasd gubergren, no sea takimata sanctus est Lorem ipsum dolor sit amet.<\/p>\n<\/div>\n<\/details>\n<\/div>\n<\/section>\n\n\n\n<section class=\"wp-block-group section-card-download-links-wrapper is-style-group-bg-grey is-layout-constrained wp-block-group-is-layout-constrained is-style-group-bg-grey--2\">\n<div class=\"wp-block-group is-layout-constrained wp-block-group-is-layout-constrained\">\n<h3 class=\"wp-block-heading\">Downloads<\/h3>\n\n\n\n<div class=\"wp-block-file aligncenter section-card-download-link\"><a id=\"wp-block-file--media-cb99d4e1-18da-45b8-83fd-b7528f08a4c4\" href=\"https:\/\/staging.schneebeli.com\/wp-content\/uploads\/2025\/04\/Schneebeli_RENO_F-2.pdf\">Sas de s\u00e9curit\u00e9 type RENO<\/a><\/div>\n\n\n\n<div class=\"wp-block-file aligncenter section-card-download-link\"><a id=\"wp-block-file--media-185616cd-6b2c-4ae1-badc-8c27d7d140ce\" href=\"https:\/\/staging.schneebeli.com\/wp-content\/uploads\/2025\/04\/Schneebeli_Produkte_D-F-E.pdf\">Produits de s\u00e9curit\u00e9 (aper\u00e7u)<\/a><\/div>\n<\/div>\n<\/section>\n","protected":false},"excerpt":{"rendered":"<p>Downloads<\/p>\n","protected":false},"author":1,"featured_media":0,"parent":0,"menu_order":22,"comment_status":"closed","ping_status":"closed","template":"","meta":{"_acf_changed":false,"footnotes":""},"class_list":["post-1634","page","type-page","status-publish","hentry"],"acf":{"seo-indexing-option":true,"seo-og-title":"","seo-meta-description":"","seo-og-image":""},"_links":{"self":[{"href":"https:\/\/staging.schneebeli.com\/fr\/wp-json\/wp\/v2\/pages\/1634","targetHints":{"allow":["GET"]}}],"collection":[{"href":"https:\/\/staging.schneebeli.com\/fr\/wp-json\/wp\/v2\/pages"}],"about":[{"href":"https:\/\/staging.schneebeli.com\/fr\/wp-json\/wp\/v2\/types\/page"}],"author":[{"embeddable":true,"href":"https:\/\/staging.schneebeli.com\/fr\/wp-json\/wp\/v2\/users\/1"}],"replies":[{"embeddable":true,"href":"https:\/\/staging.schneebeli.com\/fr\/wp-json\/wp\/v2\/comments?post=1634"}],"version-history":[{"count":3,"href":"https:\/\/staging.schneebeli.com\/fr\/wp-json\/wp\/v2\/pages\/1634\/revisions"}],"predecessor-version":[{"id":1637,"href":"https:\/\/staging.schneebeli.com\/fr\/wp-json\/wp\/v2\/pages\/1634\/revisions\/1637"}],"wp:attachment":[{"href":"https:\/\/staging.schneebeli.com\/fr\/wp-json\/wp\/v2\/media?parent=1634"}],"curies":[{"name":"wp","href":"https:\/\/api.w.org\/{rel}","templated":true}]}}