{"id":1613,"date":"2024-12-19T14:44:02","date_gmt":"2024-12-19T14:44:02","guid":{"rendered":"https:\/\/staging.schneebeli.com\/?page_id=1613"},"modified":"2025-04-07T07:30:24","modified_gmt":"2025-04-07T07:30:24","slug":"kontakt","status":"publish","type":"page","link":"https:\/\/staging.schneebeli.com\/fr\/kontakt\/","title":{"rendered":"Kontakt"},"content":{"rendered":"\n<section class=\"wp-block-group alignfull header-2 is-layout-constrained wp-block-group-is-layout-constrained\">\n<div class=\"wp-block-columns alignwide is-layout-flex wp-container-core-columns-is-layout-9d6595d7 wp-block-columns-is-layout-flex\">\n<div class=\"wp-block-column is-vertically-aligned-center slide-in-left is-layout-flow wp-block-column-is-layout-flow\">\n<figure class=\"wp-block-image size-full wp-container-content-516f2167\"><img loading=\"lazy\" decoding=\"async\" width=\"816\" height=\"816\" src=\"https:\/\/staging.schneebeli.com\/wp-content\/uploads\/2025\/03\/group_19_1x.webp\" alt=\"Headerbild\" class=\"wp-image-1126\" srcset=\"https:\/\/staging.schneebeli.com\/wp-content\/uploads\/2025\/03\/group_19_1x.webp 816w, https:\/\/staging.schneebeli.com\/wp-content\/uploads\/2025\/03\/group_19_1x-300x300.webp 300w, https:\/\/staging.schneebeli.com\/wp-content\/uploads\/2025\/03\/group_19_1x-150x150.webp 150w, https:\/\/staging.schneebeli.com\/wp-content\/uploads\/2025\/03\/group_19_1x-768x768.webp 768w\" sizes=\"auto, (max-width: 816px) 100vw, 816px\" \/><\/figure>\n<\/div>\n\n\n\n<div class=\"wp-block-column is-vertically-aligned-center slide-in-right delay-1 is-layout-flow wp-block-column-is-layout-flow\">\n<div class=\"wp-block-group wp-container-content-72558541 is-vertical is-layout-flex wp-container-core-group-is-layout-76a81b31 wp-block-group-is-layout-flex\">\n<h1 class=\"wp-block-heading\">Contactez-nous d\u00e8s maintenant !<\/h1>\n\n\n\n<p class=\"is-style-paragraph-medium is-style-paragraph-medium--1\">Pour obtenir des conseils, des offres ou des ordres de r\u00e9paration, nous sommes l\u00e0 pour vous, personnellement et avec comp\u00e9tence.<\/p>\n<\/div>\n<\/div>\n<\/div>\n<\/section>\n\n\n\n<section class=\"wp-block-group section-text-paragraph is-layout-constrained wp-block-group-is-layout-constrained\">\n<div class=\"wp-block-group alignwide is-layout-grid wp-container-core-group-is-layout-555938d3 wp-block-group-is-layout-grid\">\n<div style=\"height:1px\" aria-hidden=\"true\" class=\"wp-block-spacer wp-container-content-4ad9bbd1\"><\/div>\n\n\n\n<p class=\"wp-container-content-1f4567c8\"><strong>Schneebeli Metallbau AG<\/strong><br>Industriestrasse 7\u2028<br>8305 Dietlikon<br>044 805 60 10\u2028<br>info@schneebeli.com<\/p>\n<\/div>\n<\/section>\n\n\n\n<section class=\"wp-block-group section-form-contact is-layout-constrained wp-block-group-is-layout-constrained\">\n<div class=\"wp-block-group is-layout-grid wp-container-core-group-is-layout-555938d3 wp-block-group-is-layout-grid\"><div id=\"quform-79387e\" class=\"quform quform-2 quform-support-page-caching\"><form id=\"quform-form-79387e\" class=\"quform-form quform-form-2\" action=\"\/fr\/wp-json\/wp\/v2\/pages\/1613#quform-79387e\" method=\"post\" enctype=\"multipart\/form-data\" novalidate=\"novalidate\" data-options=\"{&quot;id&quot;:2,&quot;uniqueId&quot;:&quot;79387e&quot;,&quot;theme&quot;:&quot;&quot;,&quot;ajax&quot;:true,&quot;logic&quot;:{&quot;logic&quot;:[],&quot;dependents&quot;:[],&quot;elementIds&quot;:[],&quot;dependentElementIds&quot;:[],&quot;animate&quot;:true},&quot;currentPageId&quot;:1,&quot;errorsIcon&quot;:&quot;&quot;,&quot;updateFancybox&quot;:true,&quot;hasPages&quot;:false,&quot;pages&quot;:[1],&quot;pageProgressType&quot;:&quot;numbers&quot;,&quot;tooltipsEnabled&quot;:true,&quot;tooltipClasses&quot;:&quot;qtip-quform-dark qtip-shadow&quot;,&quot;tooltipMy&quot;:&quot;left center&quot;,&quot;tooltipAt&quot;:&quot;right center&quot;,&quot;isRtl&quot;:false,&quot;scrollOffset&quot;:-50,&quot;scrollSpeed&quot;:800}\"><button class=\"quform-default-submit\" name=\"quform_submit\" type=\"submit\" value=\"submit\" aria-hidden=\"true\" tabindex=\"-1\"><\/button><div class=\"quform-form-inner quform-form-inner-2\"><input type=\"hidden\" name=\"quform_form_id\" value=\"2\" \/><input type=\"hidden\" name=\"quform_form_uid\" value=\"79387e\" \/><input type=\"hidden\" name=\"quform_count\" value=\"1\" \/><input type=\"hidden\" name=\"form_url\" value=\"https:\/\/staging.schneebeli.com\/fr\/wp-json\/wp\/v2\/pages\/1613\" \/><input type=\"hidden\" name=\"referring_url\" value=\"\" \/><input type=\"hidden\" name=\"post_id\" value=\"\" \/><input type=\"hidden\" name=\"post_title\" value=\"\" \/><input type=\"hidden\" name=\"quform_current_page_id\" value=\"1\" \/><input type=\"hidden\" name=\"quform_csrf_token\" value=\"T4ygFlYcMQYiZfsC0iEsfIiiKLxpZwJ9Zo64vK58\" \/><div class=\"quform-elements quform-elements-2 quform-cf quform-responsive-elements-phone-landscape\"><div class=\"quform-element quform-element-page quform-page-1 quform-page-2_1 quform-cf quform-group-style-plain quform-first-page quform-last-page quform-current-page\"><div class=\"quform-child-elements\"><div class=\"quform-element quform-element-row quform-element-row-2_3 quform-2-columns quform-element-row-size-fixed quform-responsive-columns-phone-landscape\"><div class=\"quform-element quform-element-column quform-element-2_4\"><div class=\"quform-element quform-element-text quform-element-2_6 quform-cf quform-element-required\"><div class=\"quform-spacer\"><div class=\"quform-label quform-label-2_6\"><label class=\"quform-label-text\" for=\"quform_2_6_79387e\">Vorname<span class=\"quform-required\">*<\/span><\/label><\/div><div class=\"quform-inner quform-inner-text quform-inner-2_6\"><div class=\"quform-input quform-input-text quform-input-2_6 quform-cf\"><input type=\"text\" id=\"quform_2_6_79387e\" name=\"quform_2_6\" class=\"quform-field quform-field-text quform-field-2_6\" placeholder=\"Vorname\" \/><\/div><\/div><\/div><\/div><\/div><div class=\"quform-element quform-element-column quform-element-2_5\"><div class=\"quform-element quform-element-text quform-element-2_7 quform-cf quform-element-required\"><div class=\"quform-spacer\"><div class=\"quform-label quform-label-2_7\"><label class=\"quform-label-text\" for=\"quform_2_7_79387e\">Nachname<span class=\"quform-required\">*<\/span><\/label><\/div><div class=\"quform-inner quform-inner-text quform-inner-2_7\"><div class=\"quform-input quform-input-text quform-input-2_7 quform-cf\"><input type=\"text\" id=\"quform_2_7_79387e\" name=\"quform_2_7\" class=\"quform-field quform-field-text quform-field-2_7\" placeholder=\"Nachname\" \/><\/div><\/div><\/div><\/div><\/div><\/div><div class=\"quform-element quform-element-row quform-element-row-2_8 quform-1-columns quform-element-row-size-fixed quform-responsive-columns-phone-landscape\"><div class=\"quform-element quform-element-column quform-element-2_9\"><div class=\"quform-element quform-element-email quform-element-2_11 quform-cf quform-element-required\"><div class=\"quform-spacer\"><div class=\"quform-label quform-label-2_11\"><label class=\"quform-label-text\" for=\"quform_2_11_79387e\">Email Adresse<span class=\"quform-required\">*<\/span><\/label><\/div><div class=\"quform-inner quform-inner-email quform-inner-2_11\"><div class=\"quform-input quform-input-email quform-input-2_11 quform-cf\"><input type=\"email\" id=\"quform_2_11_79387e\" name=\"quform_2_11\" class=\"quform-field quform-field-email quform-field-2_11\" placeholder=\"muster@mustermail.com\" \/><\/div><\/div><\/div><\/div><\/div><\/div><div class=\"quform-element quform-element-text quform-element-2_17 quform-cf quform-element-required\"><div class=\"quform-spacer\"><div class=\"quform-label quform-label-2_17\"><label class=\"quform-label-text\" for=\"quform_2_17_79387e\">Betreff<span class=\"quform-required\">*<\/span><\/label><\/div><div class=\"quform-inner quform-inner-text quform-inner-2_17\"><div class=\"quform-input quform-input-text quform-input-2_17 quform-cf\"><input type=\"text\" id=\"quform_2_17_79387e\" name=\"quform_2_17\" class=\"quform-field quform-field-text quform-field-2_17\" placeholder=\"Betreff\" \/><\/div><\/div><\/div><\/div><div class=\"quform-element quform-element-textarea quform-element-2_18 quform-cf quform-element-required\"><div class=\"quform-spacer\"><div class=\"quform-label quform-label-2_18\"><label class=\"quform-label-text\" for=\"quform_2_18_79387e\">Nachricht<span class=\"quform-required\">*<\/span><\/label><\/div><div class=\"quform-inner quform-inner-textarea quform-inner-2_18\"><div class=\"quform-input quform-input-textarea quform-input-2_18 quform-cf\"><textarea id=\"quform_2_18_79387e\" name=\"quform_2_18\" class=\"quform-field quform-field-textarea quform-field-2_18\" placeholder=\"Schreiben Sie hier Ihre Nachricht rein.\"><\/textarea><\/div><\/div><\/div><\/div><div class=\"quform-element quform-element-row quform-element-row-2_19 quform-1-columns quform-element-row-size-fixed quform-responsive-columns-phone-landscape\"><div class=\"quform-element quform-element-column quform-element-2_20\"><div class=\"quform-element quform-element-submit quform-element-2_2 quform-cf quform-button-style-theme\"><div class=\"quform-button-submit quform-button-submit-default quform-button-submit-2_2\"><button name=\"quform_submit\" type=\"submit\" class=\"quform-submit\" value=\"submit\"><span class=\"quform-button-text quform-button-submit-text\">Send<\/span><\/button><\/div><div class=\"quform-loading quform-loading-position-left quform-loading-type-spinner-1\"><div class=\"quform-loading-inner\"><div class=\"quform-loading-spinner\"><div class=\"quform-loading-spinner-inner\"><\/div><\/div><\/div><\/div><\/div><\/div><\/div><div class=\"quform-element-tree\"><label for=\"quform_2_0_79387e\">This field should be left blank<\/label><input type=\"text\" id=\"quform_2_0_79387e\" name=\"quform_2_0\" class=\"quform-field quform-field-tree quform-field-2_0\" tabindex=\"-1\" autocomplete=\"off\" \/><\/div><\/div><\/div><\/div><\/div><\/form><\/div><\/div>\n<\/section>\n","protected":false},"excerpt":{"rendered":"","protected":false},"author":1,"featured_media":0,"parent":0,"menu_order":18,"comment_status":"closed","ping_status":"closed","template":"","meta":{"_acf_changed":false,"footnotes":""},"class_list":["post-1613","page","type-page","status-publish","hentry"],"acf":{"seo-indexing-option":true,"seo-og-title":"","seo-meta-description":"","seo-og-image":""},"_links":{"self":[{"href":"https:\/\/staging.schneebeli.com\/fr\/wp-json\/wp\/v2\/pages\/1613","targetHints":{"allow":["GET"]}}],"collection":[{"href":"https:\/\/staging.schneebeli.com\/fr\/wp-json\/wp\/v2\/pages"}],"about":[{"href":"https:\/\/staging.schneebeli.com\/fr\/wp-json\/wp\/v2\/types\/page"}],"author":[{"embeddable":true,"href":"https:\/\/staging.schneebeli.com\/fr\/wp-json\/wp\/v2\/users\/1"}],"replies":[{"embeddable":true,"href":"https:\/\/staging.schneebeli.com\/fr\/wp-json\/wp\/v2\/comments?post=1613"}],"version-history":[{"count":1,"href":"https:\/\/staging.schneebeli.com\/fr\/wp-json\/wp\/v2\/pages\/1613\/revisions"}],"predecessor-version":[{"id":1614,"href":"https:\/\/staging.schneebeli.com\/fr\/wp-json\/wp\/v2\/pages\/1613\/revisions\/1614"}],"wp:attachment":[{"href":"https:\/\/staging.schneebeli.com\/fr\/wp-json\/wp\/v2\/media?parent=1613"}],"curies":[{"name":"wp","href":"https:\/\/api.w.org\/{rel}","templated":true}]}}