{"id":1575,"date":"2025-03-19T10:21:39","date_gmt":"2025-03-19T10:21:39","guid":{"rendered":"https:\/\/staging.schneebeli.com\/?page_id=1575"},"modified":"2025-04-07T07:45:20","modified_gmt":"2025-04-07T07:45:20","slug":"downloads","status":"publish","type":"page","link":"https:\/\/staging.schneebeli.com\/fr\/downloads\/","title":{"rendered":"Downloads"},"content":{"rendered":"\n<section class=\"wp-block-group alignfull header-2 is-layout-constrained wp-block-group-is-layout-constrained\">\n<div class=\"wp-block-columns alignwide is-layout-flex wp-container-core-columns-is-layout-9d6595d7 wp-block-columns-is-layout-flex\">\n<div class=\"wp-block-column is-vertically-aligned-center slide-in-left is-layout-flow wp-block-column-is-layout-flow\">\n<figure class=\"wp-block-image size-full wp-container-content-516f2167\"><img loading=\"lazy\" decoding=\"async\" width=\"816\" height=\"816\" src=\"https:\/\/staging.schneebeli.com\/wp-content\/uploads\/2025\/03\/group_19_1x.webp\" alt=\"Headerbild\" class=\"wp-image-1126\" srcset=\"https:\/\/staging.schneebeli.com\/wp-content\/uploads\/2025\/03\/group_19_1x.webp 816w, https:\/\/staging.schneebeli.com\/wp-content\/uploads\/2025\/03\/group_19_1x-300x300.webp 300w, https:\/\/staging.schneebeli.com\/wp-content\/uploads\/2025\/03\/group_19_1x-150x150.webp 150w, https:\/\/staging.schneebeli.com\/wp-content\/uploads\/2025\/03\/group_19_1x-768x768.webp 768w\" sizes=\"auto, (max-width: 816px) 100vw, 816px\" \/><\/figure>\n<\/div>\n\n\n\n<div class=\"wp-block-column is-vertically-aligned-center slide-in-right delay-1 is-layout-flow wp-block-column-is-layout-flow\">\n<div class=\"wp-block-group wp-container-content-72558541 is-vertical is-layout-flex wp-container-core-group-is-layout-76a81b31 wp-block-group-is-layout-flex\">\n<h1 class=\"wp-block-heading\">Downloads<\/h1>\n\n\n\n<p class=\"is-style-paragraph-medium is-style-paragraph-medium--1\">Vous trouverez ici toutes nos brochures sur la construction m\u00e9tallique, la technique de s\u00e9curit\u00e9 et les certificats.<\/p>\n<\/div>\n<\/div>\n<\/div>\n<\/section>\n\n\n\n<section class=\"wp-block-group section-card-download-links-wrapper is-style-group-bg-grey is-layout-constrained wp-block-group-is-layout-constrained is-style-group-bg-grey--2\">\n<div class=\"wp-block-group is-style-default is-layout-constrained wp-block-group-is-layout-constrained\">\n<h3 class=\"wp-block-heading\">Prospectus porte de cellule<\/h3>\n\n\n\n<div class=\"wp-block-file aligncenter section-card-download-link\"><a id=\"wp-block-file--media-9129c47f-b35f-4321-9ae3-6ce3c656ab3e\" href=\"https:\/\/staging.schneebeli.com\/wp-content\/uploads\/2025\/04\/SAFOS_Z-2_Zellentuere_f.pdf\" target=\"_blank\" rel=\"noreferrer noopener\">Porte de cellule SAFOS Z-2 (EI 30 SN 13501-2)<\/a><\/div>\n\n\n\n<div class=\"wp-block-file aligncenter section-card-download-link\"><a id=\"wp-block-file--media-718cd3e3-b850-472c-94b4-3b86772ae25d\" href=\"https:\/\/staging.schneebeli.com\/wp-content\/uploads\/2025\/03\/Schneebeli_Prospekt_Metallbau_D.pdf\" target=\"_blank\" rel=\"noreferrer noopener\">Attestation d\u2019utilisation AEAI no. 22687<\/a><\/div>\n<\/div>\n<\/section>\n\n\n\n<section class=\"wp-block-group section-card-download-links-wrapper is-layout-constrained wp-block-group-is-layout-constrained\">\n<div class=\"wp-block-group is-layout-constrained wp-block-group-is-layout-constrained\">\n<h3 class=\"wp-block-heading\">Prospectus produits de s\u00e9curit\u00e9<\/h3>\n\n\n\n<div class=\"wp-block-file aligncenter section-card-download-link\"><a id=\"wp-block-file--media-0de5789d-9c7c-4fcf-9ce8-d7ade35912e3\" href=\"https:\/\/staging.schneebeli.com\/wp-content\/uploads\/2025\/04\/Schneebeli_Produkte_D-F-E.pdf\" target=\"_blank\" rel=\"noreferrer noopener\">Produits de s\u00e9curit\u00e9 (aper\u00e7u)<\/a><\/div>\n\n\n\n<div class=\"wp-block-file aligncenter section-card-download-link\"><a id=\"wp-block-file--media-f4f22772-206d-4688-bb72-d1d577ec5906\" href=\"https:\/\/staging.schneebeli.com\/wp-content\/uploads\/2025\/04\/Schneebeli_RENO_F-2.pdf\" target=\"_blank\" rel=\"noreferrer noopener\">Sas de s\u00e9curit\u00e9 type RENO<\/a><\/div>\n\n\n\n<div class=\"wp-block-file aligncenter section-card-download-link\"><a id=\"wp-block-file--media-38dcdad5-cb1a-49c7-aab5-36dd7785252b\" href=\"https:\/\/staging.schneebeli.com\/wp-content\/uploads\/2025\/04\/Schneebeli_ZF_F-2.pdf\" target=\"_blank\" rel=\"noreferrer noopener\">Sas de s\u00e9curit\u00e9 circulaire<\/a><\/div>\n\n\n\n<div class=\"wp-block-file aligncenter section-card-download-link\"><a id=\"wp-block-file--media-7f72682c-d085-4d6d-8dcb-c4deed6d2d98\" href=\"https:\/\/staging.schneebeli.com\/wp-content\/uploads\/2025\/04\/Schneebeli_SDT_F-2.pdf\" target=\"_blank\" rel=\"noreferrer noopener\">Portes carrousel de s\u00e9curit\u00e9<\/a><\/div>\n<\/div>\n<\/section>\n\n\n\n<p><\/p>\n","protected":false},"excerpt":{"rendered":"<p>Prospectus porte de cellule Prospectus produits de s\u00e9curit\u00e9<\/p>\n","protected":false},"author":1,"featured_media":0,"parent":0,"menu_order":21,"comment_status":"closed","ping_status":"closed","template":"","meta":{"_acf_changed":false,"footnotes":""},"class_list":["post-1575","page","type-page","status-publish","hentry"],"acf":{"seo-indexing-option":true,"seo-og-title":"","seo-meta-description":"","seo-og-image":""},"_links":{"self":[{"href":"https:\/\/staging.schneebeli.com\/fr\/wp-json\/wp\/v2\/pages\/1575","targetHints":{"allow":["GET"]}}],"collection":[{"href":"https:\/\/staging.schneebeli.com\/fr\/wp-json\/wp\/v2\/pages"}],"about":[{"href":"https:\/\/staging.schneebeli.com\/fr\/wp-json\/wp\/v2\/types\/page"}],"author":[{"embeddable":true,"href":"https:\/\/staging.schneebeli.com\/fr\/wp-json\/wp\/v2\/users\/1"}],"replies":[{"embeddable":true,"href":"https:\/\/staging.schneebeli.com\/fr\/wp-json\/wp\/v2\/comments?post=1575"}],"version-history":[{"count":6,"href":"https:\/\/staging.schneebeli.com\/fr\/wp-json\/wp\/v2\/pages\/1575\/revisions"}],"predecessor-version":[{"id":1633,"href":"https:\/\/staging.schneebeli.com\/fr\/wp-json\/wp\/v2\/pages\/1575\/revisions\/1633"}],"wp:attachment":[{"href":"https:\/\/staging.schneebeli.com\/fr\/wp-json\/wp\/v2\/media?parent=1575"}],"curies":[{"name":"wp","href":"https:\/\/api.w.org\/{rel}","templated":true}]}}