{"id":1181,"date":"2024-12-13T15:14:00","date_gmt":"2024-12-13T15:14:00","guid":{"rendered":"https:\/\/staging.schneebeli.com\/?page_id=1181"},"modified":"2025-04-07T07:56:14","modified_gmt":"2025-04-07T07:56:14","slug":"startseite","status":"publish","type":"page","link":"https:\/\/staging.schneebeli.com\/fr\/","title":{"rendered":"Startseite"},"content":{"rendered":"\n<section class=\"wp-block-group header-1 is-layout-constrained wp-block-group-is-layout-constrained\">\n<div class=\"wp-block-group alignwide is-layout-constrained wp-block-group-is-layout-constrained\">\n<div class=\"wp-block-cover alignfull is-light\"><span aria-hidden=\"true\" class=\"wp-block-cover__background has-background-dim\" style=\"background-color:#9bbee1\"><\/span><img loading=\"lazy\" decoding=\"async\" width=\"1663\" height=\"931\" class=\"wp-block-cover__image-background wp-image-1013\" alt=\"Herobild\" src=\"https:\/\/staging.schneebeli.com\/wp-content\/uploads\/2025\/03\/group_14_1x-1.webp\" data-object-fit=\"cover\" srcset=\"https:\/\/staging.schneebeli.com\/wp-content\/uploads\/2025\/03\/group_14_1x-1.webp 1663w, https:\/\/staging.schneebeli.com\/wp-content\/uploads\/2025\/03\/group_14_1x-1-300x168.webp 300w, https:\/\/staging.schneebeli.com\/wp-content\/uploads\/2025\/03\/group_14_1x-1-1024x573.webp 1024w, https:\/\/staging.schneebeli.com\/wp-content\/uploads\/2025\/03\/group_14_1x-1-768x430.webp 768w, https:\/\/staging.schneebeli.com\/wp-content\/uploads\/2025\/03\/group_14_1x-1-1536x860.webp 1536w\" sizes=\"auto, (max-width: 1663px) 100vw, 1663px\" \/><div class=\"wp-block-cover__inner-container is-layout-constrained wp-block-cover-is-layout-constrained\">\n<div class=\"wp-block-group alignfull is-vertical is-content-justification-stretch is-nowrap is-layout-flex wp-container-core-group-is-layout-2082d7a3 wp-block-group-is-layout-flex\">\n<div class=\"wp-block-group fade-in delay-5 is-content-justification-center is-layout-constrained wp-block-group-is-layout-constrained\">\n<a class=\"cta\" href=\"https:\/\/staging.schneebeli.com\/kontakt\/\" aria-label=\"Link to Contact-Page\"><svg width=\"251\" height=\"260\" viewBox=\"0 0 251 260\" fill=\"none\" xmlns=\"http:\/\/www.w3.org\/2000\/svg\">\n<path d=\"M125.393 0L138.269 11.1486L153.208 3.25837L163.375 17.1063L179.629 12.8701L186.577 28.723L203.33 28.3532L206.711 45.4161L223.123 48.9313L222.767 66.3485L238.016 73.5725L233.941 90.4708L247.261 101.041L239.671 116.573L250.395 129.96L239.671 143.347L247.261 158.879L233.941 169.449L238.016 186.348L222.767 193.571L223.123 210.989L206.711 214.504L203.33 231.567L186.577 231.197L179.629 247.05L163.375 242.814L153.208 256.662L138.269 248.771L125.393 259.92L112.516 248.771L97.5771 256.662L87.4099 242.814L71.1563 247.05L64.208 231.197L47.4551 231.567L44.074 214.504L27.6621 210.989L28.0178 193.571L12.7697 186.348L16.8443 169.449L3.52469 158.879L11.1139 143.347L0.390625 129.96L11.1139 116.573L3.52469 101.041L16.8443 90.4708L12.7697 73.5725L28.0178 66.3485L27.6621 48.9313L44.074 45.4161L47.4551 28.3532L64.208 28.723L71.1563 12.8701L87.4099 17.1063L97.5771 3.25837L112.516 11.1486L125.393 0Z\" fill=\"#5692CE\"\/>\n<\/svg>\n<\/a>\n\n\n\n<p>Contactez-nous!<\/p>\n<\/div>\n\n\n\n<h1 class=\"wp-block-heading alignfull slide-in-left\">Technique de s\u00e9curit\u00e9<\/h1>\n<\/div>\n<\/div><\/div>\n<\/div>\n<\/section>\n\n\n\n<section class=\"wp-block-group alignfull section-text-media-classic-m-left is-layout-constrained wp-block-group-is-layout-constrained\">\n<div class=\"wp-block-columns is-layout-flex wp-container-core-columns-is-layout-9d6595d7 wp-block-columns-is-layout-flex\">\n<div class=\"wp-block-column is-vertically-aligned-center slide-in-left is-layout-flow wp-block-column-is-layout-flow\">\n<figure class=\"wp-block-image size-full wp-container-content-516f2167\"><img loading=\"lazy\" decoding=\"async\" width=\"675\" height=\"675\" src=\"https:\/\/staging.schneebeli.com\/wp-content\/uploads\/2025\/03\/group_16_1x-1.webp\" alt=\"Call to Action\" class=\"wp-image-1016\" srcset=\"https:\/\/staging.schneebeli.com\/wp-content\/uploads\/2025\/03\/group_16_1x-1.webp 675w, https:\/\/staging.schneebeli.com\/wp-content\/uploads\/2025\/03\/group_16_1x-1-300x300.webp 300w, https:\/\/staging.schneebeli.com\/wp-content\/uploads\/2025\/03\/group_16_1x-1-150x150.webp 150w\" sizes=\"auto, (max-width: 675px) 100vw, 675px\" \/><\/figure>\n<\/div>\n\n\n\n<div class=\"wp-block-column is-vertically-aligned-center is-layout-flow wp-block-column-is-layout-flow\">\n<div class=\"wp-block-group wp-container-content-72558541 is-vertical is-layout-flex wp-container-core-group-is-layout-76a81b31 wp-block-group-is-layout-flex\">\n<h2 class=\"wp-block-heading slide-in-right\">Sas multifonctionnel RENO<\/h2>\n\n\n\n<p class=\"is-style-paragraph-medium slide-in-right delay-1 is-style-paragraph-medium--1\">S\u00e9curit\u00e9, r\u00e9sistance au feu, passage de transport et sortie de secours &#8211; c&rsquo;est tout possible avec le sas RENO.<\/p>\n\n\n\n<div class=\"wp-block-buttons slide-in-right delay-3 is-layout-flex wp-block-buttons-is-layout-flex\">\n<div class=\"wp-block-button\"><a class=\"wp-block-button__link wp-element-button\" href=\"https:\/\/staging.schneebeli.com\/fr\/mantrap-reno\/\">En savoir plus<\/a><\/div>\n<\/div>\n<\/div>\n<\/div>\n<\/div>\n<\/section>\n\n\n\n<section class=\"wp-block-group alignfull section-text-media-classic-m-left is-style-group-bg-grey is-layout-constrained wp-block-group-is-layout-constrained is-style-group-bg-grey--2\">\n<div class=\"wp-block-columns is-layout-flex wp-container-core-columns-is-layout-9d6595d7 wp-block-columns-is-layout-flex\">\n<div class=\"wp-block-column is-vertically-aligned-center slide-in-left is-layout-flow wp-block-column-is-layout-flow\">\n<figure class=\"wp-block-image size-full wp-container-content-516f2167\"><img loading=\"lazy\" decoding=\"async\" width=\"675\" height=\"675\" src=\"https:\/\/staging.schneebeli.com\/wp-content\/uploads\/2025\/03\/group_16_1x-1.webp\" alt=\"Call to Action\" class=\"wp-image-1016\" srcset=\"https:\/\/staging.schneebeli.com\/wp-content\/uploads\/2025\/03\/group_16_1x-1.webp 675w, https:\/\/staging.schneebeli.com\/wp-content\/uploads\/2025\/03\/group_16_1x-1-300x300.webp 300w, https:\/\/staging.schneebeli.com\/wp-content\/uploads\/2025\/03\/group_16_1x-1-150x150.webp 150w\" sizes=\"auto, (max-width: 675px) 100vw, 675px\" \/><\/figure>\n<\/div>\n\n\n\n<div class=\"wp-block-column is-vertically-aligned-center is-layout-flow wp-block-column-is-layout-flow\">\n<div class=\"wp-block-group wp-container-content-72558541 is-vertical is-layout-flex wp-container-core-group-is-layout-76a81b31 wp-block-group-is-layout-flex\">\n<h2 class=\"wp-block-heading slide-in-right\">Sas de s\u00e9curit\u00e9 circulaire ZF3<\/h2>\n\n\n\n<p class=\"is-style-paragraph-medium slide-in-right delay-1 is-style-paragraph-medium--3\">Le sas de s\u00e9curit\u00e9 circulaire ZF3 combine s\u00e9curity et \u00e9l\u00e9gance.<\/p>\n\n\n\n<div class=\"wp-block-buttons slide-in-right delay-3 is-layout-flex wp-block-buttons-is-layout-flex\">\n<div class=\"wp-block-button\"><a class=\"wp-block-button__link wp-element-button\">En savoir plus<\/a><\/div>\n<\/div>\n<\/div>\n<\/div>\n<\/div>\n<\/section>\n\n\n\n<section class=\"wp-block-group alignfull section-text-media-classic-m-left is-layout-constrained wp-block-group-is-layout-constrained\">\n<div class=\"wp-block-columns is-layout-flex wp-container-core-columns-is-layout-9d6595d7 wp-block-columns-is-layout-flex\">\n<div class=\"wp-block-column is-vertically-aligned-center slide-in-left is-layout-flow wp-block-column-is-layout-flow\">\n<figure class=\"wp-block-image size-full wp-container-content-516f2167\"><img loading=\"lazy\" decoding=\"async\" width=\"675\" height=\"675\" src=\"https:\/\/staging.schneebeli.com\/wp-content\/uploads\/2025\/03\/group_16_1x-1.webp\" alt=\"Call to Action\" class=\"wp-image-1016\" srcset=\"https:\/\/staging.schneebeli.com\/wp-content\/uploads\/2025\/03\/group_16_1x-1.webp 675w, https:\/\/staging.schneebeli.com\/wp-content\/uploads\/2025\/03\/group_16_1x-1-300x300.webp 300w, https:\/\/staging.schneebeli.com\/wp-content\/uploads\/2025\/03\/group_16_1x-1-150x150.webp 150w\" sizes=\"auto, (max-width: 675px) 100vw, 675px\" \/><\/figure>\n<\/div>\n\n\n\n<div class=\"wp-block-column is-vertically-aligned-center is-layout-flow wp-block-column-is-layout-flow\">\n<div class=\"wp-block-group wp-container-content-72558541 is-vertical is-layout-flex wp-container-core-group-is-layout-76a81b31 wp-block-group-is-layout-flex\">\n<h2 class=\"wp-block-heading slide-in-right\">Portes carrousel de s\u00e9curit\u00e9 SDT<\/h2>\n\n\n\n<p class=\"is-style-paragraph-medium slide-in-right delay-1 is-style-paragraph-medium--4\">Les portes carrousel de s\u00e9curit\u00e9 SDT sont pour un passage contr\u00f4l\u00e9 \u00e0 grande capacit\u00e9.<\/p>\n\n\n\n<div class=\"wp-block-buttons slide-in-right delay-3 is-layout-flex wp-block-buttons-is-layout-flex\">\n<div class=\"wp-block-button\"><a class=\"wp-block-button__link wp-element-button\">En savoir plus<\/a><\/div>\n<\/div>\n<\/div>\n<\/div>\n<\/div>\n<\/section>\n","protected":false},"excerpt":{"rendered":"<p>Sas multifonctionnel RENO S\u00e9curit\u00e9, r\u00e9sistance au feu, passage de transport et sortie de secours &#8211; c&rsquo;est tout possible avec le sas RENO. Sas de s\u00e9curit\u00e9 circulaire ZF3 Le sas de s\u00e9curit\u00e9 circulaire ZF3 combine s\u00e9curity et \u00e9l\u00e9gance. Portes carrousel de s\u00e9curit\u00e9 SDT Les portes carrousel de s\u00e9curit\u00e9 SDT sont pour un passage contr\u00f4l\u00e9 \u00e0 grande [&hellip;]<\/p>\n","protected":false},"author":1,"featured_media":0,"parent":0,"menu_order":6,"comment_status":"closed","ping_status":"open","template":"","meta":{"_acf_changed":false,"footnotes":""},"class_list":["post-1181","page","type-page","status-publish","hentry"],"acf":{"seo-indexing-option":true,"seo-og-title":"","seo-meta-description":"","seo-og-image":""},"_links":{"self":[{"href":"https:\/\/staging.schneebeli.com\/fr\/wp-json\/wp\/v2\/pages\/1181","targetHints":{"allow":["GET"]}}],"collection":[{"href":"https:\/\/staging.schneebeli.com\/fr\/wp-json\/wp\/v2\/pages"}],"about":[{"href":"https:\/\/staging.schneebeli.com\/fr\/wp-json\/wp\/v2\/types\/page"}],"author":[{"embeddable":true,"href":"https:\/\/staging.schneebeli.com\/fr\/wp-json\/wp\/v2\/users\/1"}],"replies":[{"embeddable":true,"href":"https:\/\/staging.schneebeli.com\/fr\/wp-json\/wp\/v2\/comments?post=1181"}],"version-history":[{"count":5,"href":"https:\/\/staging.schneebeli.com\/fr\/wp-json\/wp\/v2\/pages\/1181\/revisions"}],"predecessor-version":[{"id":1638,"href":"https:\/\/staging.schneebeli.com\/fr\/wp-json\/wp\/v2\/pages\/1181\/revisions\/1638"}],"wp:attachment":[{"href":"https:\/\/staging.schneebeli.com\/fr\/wp-json\/wp\/v2\/media?parent=1181"}],"curies":[{"name":"wp","href":"https:\/\/api.w.org\/{rel}","templated":true}]}}